{"id":1303,"date":"2022-05-19T17:00:09","date_gmt":"2022-05-19T17:00:09","guid":{"rendered":"https:\/\/klkeeplearning.com\/frances\/"},"modified":"2023-04-24T16:34:25","modified_gmt":"2023-04-24T16:34:25","slug":"%d1%84%d1%80%d0%b0%d0%bd%d1%86%d1%83%d0%b7%d1%81%d0%ba%d0%b8%d0%b9","status":"publish","type":"page","link":"https:\/\/klkeeplearning.com\/ru\/%d1%84%d1%80%d0%b0%d0%bd%d1%86%d1%83%d0%b7%d1%81%d0%ba%d0%b8%d0%b9\/","title":{"rendered":"\u0424\u0440\u0430\u043d\u0446\u0443\u0437\u0441\u043a\u0438\u0439"},"content":{"rendered":"<div class=\"wpb-content-wrapper\">[vc_row css=&#187;.vc_custom_1673427235973{margin-bottom: 35px !important;}&#187;][vc_column width=&#187;1\/3&#8243; el_class=&#187;franja-contacto&#187;][vc_single_image image=&#187;76&#8243; img_size=&#187;full&#187; alignment=&#187;center&#187;][\/vc_column][vc_column width=&#187;2\/3&#8243;][vc_column_text css=&#187;.vc_custom_1682353967031{margin-bottom: 0px !important;}&#187;]\u041f\u0440\u0438\u0437\u0432\u0430\u043d\u0438\u0435\u043c \u0410\u043b\u044c\u044f\u043d\u0441 \u0424\u0440\u0430\u043d\u0441\u0435\u0437 \u044f\u0432\u043b\u044f\u0435\u0442\u0441\u044f \u0438\u0437\u0443\u0447\u0435\u043d\u0438\u0435 \u0438 \u0440\u0430\u0441\u043f\u0440\u043e\u0441\u0442\u0440\u0430\u043d\u0435\u043d\u0438\u0435 \u0444\u0440\u0430\u043d\u0446\u0443\u0437\u0441\u043a\u043e\u0433\u043e \u044f\u0437\u044b\u043a\u0430, \u0430 \u0442\u0430\u043a\u0436\u0435, \u0447\u0442\u043e \u043e\u0442\u043b\u0438\u0447\u0430\u0435\u0442 \u0435\u0433\u043e \u043e\u0442 \u044f\u0437\u044b\u043a\u043e\u0432\u043e\u0439 \u0430\u043a\u0430\u0434\u0435\u043c\u0438\u0438, \u043f\u043e\u043f\u0443\u043b\u044f\u0440\u0438\u0437\u0430\u0446\u0438\u044f \u0438 \u0440\u0430\u0441\u043f\u0440\u043e\u0441\u0442\u0440\u0430\u043d\u0435\u043d\u0438\u0435 \u0444\u0440\u0430\u043d\u0446\u0443\u0437\u0441\u043a\u043e\u0439 \u0438 \u0444\u0440\u0430\u043d\u043a\u043e\u044f\u0437\u044b\u0447\u043d\u043e\u0439 \u043a\u0443\u043b\u044c\u0442\u0443\u0440\u044b.<\/p>\n<p>\u041c\u044b \u0442\u0430\u043a\u0436\u0435 \u043f\u0440\u0435\u0434\u043b\u0430\u0433\u0430\u0435\u043c \u043a\u0443\u0440\u0441\u044b \u0444\u0440\u0430\u043d\u0446\u0443\u0437\u0441\u043a\u043e\u0433\u043e \u044f\u0437\u044b\u043a\u0430 \u0434\u043b\u044f \u0443\u0447\u0430\u0449\u0438\u0445\u0441\u044f \u043d\u0430\u0447\u0430\u043b\u044c\u043d\u043e\u0439, \u0441\u0440\u0435\u0434\u043d\u0435\u0439 \u0448\u043a\u043e\u043b\u044b \u0438 \u0432\u0437\u0440\u043e\u0441\u043b\u044b\u0445 \u043d\u0430 \u0432\u0441\u0435\u0445 \u0443\u0440\u043e\u0432\u043d\u044f\u0445 (A1, A2, B1, B2, C1, C2 \u0432 \u0441\u043e\u043e\u0442\u0432\u0435\u0442\u0441\u0442\u0432\u0438\u0438 \u0441 \u041e\u0431\u0449\u0435\u0435\u0432\u0440\u043e\u043f\u0435\u0439\u0441\u043a\u0438\u043c\u0438 \u0440\u0435\u043a\u043e\u043c\u0435\u043d\u0434\u0430\u0446\u0438\u044f\u043c\u0438 \u043f\u043e \u044f\u0437\u044b\u043a\u043e\u0432\u043e\u043c\u0443 \u043e\u0431\u0440\u0430\u0437\u043e\u0432\u0430\u043d\u0438\u044e) \u0432 \u0441\u043e\u043e\u0442\u0432\u0435\u0442\u0441\u0442\u0432\u0438\u0438 \u0441 \u043f\u043e\u0442\u0440\u0435\u0431\u043d\u043e\u0441\u0442\u044f\u043c\u0438 \u0438 \u0437\u0430\u043f\u0440\u043e\u0441\u0430\u043c\u0438 \u043a\u0430\u0436\u0434\u043e\u0433\u043e \u0441\u0442\u0443\u0434\u0435\u043d\u0442\u0430.<\/p>\n<p>\u0424\u0440\u0430\u043d\u0446\u0443\u0437\u0441\u043a\u0438\u0439 &#8212; \u043e\u0434\u0438\u043d \u0438\u0437 \u0441\u0430\u043c\u044b\u0445 \u0440\u0430\u0441\u043f\u0440\u043e\u0441\u0442\u0440\u0430\u043d\u0435\u043d\u043d\u044b\u0445 \u044f\u0437\u044b\u043a\u043e\u0432: 200 \u043c\u0438\u043b\u043b\u0438\u043e\u043d\u043e\u0432 \u0447\u0435\u043b\u043e\u0432\u0435\u043a \u0433\u043e\u0432\u043e\u0440\u044f\u0442 \u043d\u0430 \u043d\u0435\u043c \u043d\u0430 \u0432\u0441\u0435\u0445 \u043f\u044f\u0442\u0438 \u043a\u043e\u043d\u0442\u0438\u043d\u0435\u043d\u0442\u0430\u0445 \u0438 \u043e\u043d \u044f\u0432\u043b\u044f\u0435\u0442\u0441\u044f \u0432\u0442\u043e\u0440\u044b\u043c \u043f\u043e \u043a\u043e\u043b\u0438\u0447\u0435\u0441\u0442\u0432\u0443 \u0438\u0437\u0443\u0447\u0435\u043d\u043d\u044b\u0445 \u044f\u0437\u044b\u043a\u043e\u0432<\/p>\n<p>\u041f\u043e\u043b\u0443\u0447\u0435\u043d\u0438\u0435 \u043e\u0444\u0438\u0446\u0438\u0430\u043b\u044c\u043d\u044b\u0445 \u0434\u0438\u043f\u043b\u043e\u043c\u043e\u0432 \u0443\u043b\u0443\u0447\u0448\u0438\u0442 \u0432\u0430\u0448\u0438 \u0432\u043e\u0437\u043c\u043e\u0436\u043d\u043e\u0441\u0442\u0438 \u0442\u0440\u0443\u0434\u043e\u0443\u0441\u0442\u0440\u043e\u0439\u0441\u0442\u0432\u0430 \u0438 \u0431\u0443\u0434\u0435\u0442 \u0441\u043f\u043e\u0441\u043e\u0431\u0441\u0442\u0432\u043e\u0432\u0430\u0442\u044c \u043f\u0440\u043e\u0444\u0435\u0441\u0441\u0438\u043e\u043d\u0430\u043b\u044c\u043d\u043e\u0439 \u043a\u0430\u0440\u044c\u0435\u0440\u0435<\/p>\n<p>\u041c\u044b \u043f\u043e\u0434\u0433\u043e\u0442\u043e\u0432\u0438\u043c \u0432\u0430\u0441 \u043a \u0441\u043b\u0435\u0434\u0443\u044e\u0449\u0435\u043c\u0443 \u044d\u043a\u0437\u0430\u043c\u0435\u043d\u0443 DELF \u0438\u043b\u0438 DALF, \u0435\u0441\u043b\u0438 \u0432\u044b \u0445\u043e\u0442\u0438\u0442\u0435 \u043f\u043e\u0434\u0442\u0432\u0435\u0440\u0434\u0438\u0442\u044c \u0441\u0432\u043e\u0438 \u044f\u0437\u044b\u043a\u043e\u0432\u044b\u0435 \u043d\u0430\u0432\u044b\u043a\u0438, \u043a \u044d\u043a\u0437\u0430\u043c\u0435\u043d\u0443 DAEFLE, \u0435\u0441\u043b\u0438 \u0432\u044b \u0445\u043e\u0442\u0438\u0442\u0435 \u0441\u0442\u0430\u0442\u044c \u043f\u0440\u0435\u043f\u043e\u0434\u0430\u0432\u0430\u0442\u0435\u043b\u0435\u043c, \u0438 \u043a \u044d\u043a\u0437\u0430\u043c\u0435\u043d\u0443 TCF, \u0435\u0441\u043b\u0438 \u0432\u044b \u043f\u043b\u0430\u043d\u0438\u0440\u0443\u0435\u0442\u0435 \u043f\u0435\u0440\u0435\u0435\u0445\u0430\u0442\u044c \u0432 \u0434\u0440\u0443\u0433\u0443\u044e \u0441\u0442\u0440\u0430\u043d\u0443 \u0438\u043b\u0438 \u043f\u043e\u043b\u0443\u0447\u0438\u0442\u044c \u0440\u0430\u0431\u043e\u0442\u0443, \u043a\u043e\u0442\u043e\u0440\u0430\u044f \u0432\u0430\u0441 \u0442\u0430\u043a \u0438\u043d\u0442\u0435\u0440\u0435\u0441\u0443\u0435\u0442.[\/vc_column_text][\/vc_column][\/vc_row][vc_row][vc_column width=&#187;2\/3&#8243;][vc_custom_heading text=&#187;DELF (Dipl\u00f4me d&#8217;\u00c9tudes en Langue Fran\u00e7aise) \u0438 DALF (Dipl\u00f4me Approfondi de Langue Fran\u00e7aise) \u044f\u0432\u043b\u044f\u044e\u0442\u0441\u044f \u043e\u0444\u0438\u0446\u0438\u0430\u043b\u044c\u043d\u044b\u043c\u0438 \u0441\u0435\u0440\u0442\u0438\u0444\u0438\u043a\u0430\u0442\u0430\u043c\u0438, \u0432\u044b\u0434\u0430\u0432\u0430\u0435\u043c\u044b\u043c\u0438 \u041c\u0438\u043d\u0438\u0441\u0442\u0435\u0440\u0441\u0442\u0432\u043e\u043c \u043d\u0430\u0446\u0438\u043e\u043d\u0430\u043b\u044c\u043d\u043e\u0433\u043e \u043e\u0431\u0440\u0430\u0437\u043e\u0432\u0430\u043d\u0438\u044f \u0424\u0440\u0430\u043d\u0446\u0438\u0438 \u0434\u043b\u044f \u0430\u043a\u043a\u0440\u0435\u0434\u0438\u0442\u0430\u0446\u0438\u0438 \u0437\u043d\u0430\u043d\u0438\u0439 \u0444\u0440\u0430\u043d\u0446\u0443\u0437\u0441\u043a\u043e\u0433\u043e \u044f\u0437\u044b\u043a\u0430 \u0438\u043d\u043e\u0441\u0442\u0440\u0430\u043d\u043d\u044b\u0445 \u043a\u0430\u043d\u0434\u0438\u0434\u0430\u0442\u043e\u0432.&#187; font_container=&#187;tag:h2|font_size:1.4em|text_align:left|line_height:1.3em&#187; use_theme_fonts=&#187;yes&#187;][mk_custom_list]\u0412 \u0437\u0430\u0432\u0438\u0441\u0438\u043c\u043e\u0441\u0442\u0438 \u043e\u0442 \u0430\u0443\u0434\u0438\u0442\u043e\u0440\u0438\u0438, \u0442\u0435\u043c\u044b \u0431\u0443\u0434\u0443\u0442 \u0430\u0434\u0430\u043f\u0442\u0438\u0440\u043e\u0432\u0430\u043d\u044b. \u041e\u0431\u0449\u0430\u044f \u043e\u0446\u0435\u043d\u043a\u0430 \u0437\u0430 \u044d\u043a\u0437\u0430\u043c\u0435\u043d \u0441\u043e\u0441\u0442\u0430\u0432\u043b\u044f\u0435\u0442 100 \u0431\u0430\u043b\u043b\u043e\u0432, \u043a\u0430\u0436\u0434\u044b\u0439 \u043d\u0430\u0432\u044b\u043a \u043e\u0446\u0435\u043d\u0438\u0432\u0430\u0435\u0442\u0441\u044f \u043f\u043e 25-\u0431\u0430\u043b\u043b\u044c\u043d\u043e\u0439 \u0448\u043a\u0430\u043b\u0435. \u0421\u0443\u0449\u0435\u0441\u0442\u0432\u0443\u0435\u0442 \u0447\u0435\u0442\u044b\u0440\u0435 \u0432\u0435\u0440\u0441\u0438\u0438 DELF\/DALF \u0432 \u0437\u0430\u0432\u0438\u0441\u0438\u043c\u043e\u0441\u0442\u0438 \u043e\u0442 \u0446\u0435\u043b\u0435\u0432\u043e\u0439 \u0430\u0443\u0434\u0438\u0442\u043e\u0440\u0438\u0438:<\/p>\n<ul>\n<li>DELF TP: \u043f\u0440\u0435\u0434\u043d\u0430\u0437\u043d\u0430\u0447\u0435\u043d \u0434\u043b\u044f \u0432\u0437\u0440\u043e\u0441\u043b\u044b\u0445 \u0438 \u043f\u043e\u0434\u0440\u043e\u0441\u0442\u043a\u043e\u0432, \u043e\u043a\u043e\u043d\u0447\u0438\u0432\u0448\u0438\u0445 \u0441\u0440\u0435\u0434\u043d\u044e\u044e \u0448\u043a\u043e\u043b\u0443 \u0438\u043b\u0438 \u0431\u0430\u043a\u0430\u043b\u0430\u0432\u0440\u0438\u0430\u0442.<\/li>\n<li>DELF JUNIOR: \u043f\u0440\u0435\u0434\u043d\u0430\u0437\u043d\u0430\u0447\u0435\u043d \u0434\u043b\u044f \u043f\u043e\u0434\u0440\u043e\u0441\u0442\u043a\u043e\u0432, \u043e\u0431\u0443\u0447\u0430\u044e\u0449\u0438\u0445\u0441\u044f \u0432 \u0441\u0440\u0435\u0434\u043d\u0435\u0439 \u0448\u043a\u043e\u043b\u0435.<\/li>\n<li>DELF PRIM: \u0434\u043b\u044f \u0443\u0447\u0430\u0449\u0438\u0445\u0441\u044f \u043d\u0430\u0447\u0430\u043b\u044c\u043d\u043e\u0439 \u0448\u043a\u043e\u043b\u044b \u0432 \u0432\u043e\u0437\u0440\u0430\u0441\u0442\u0435 \u043e\u0442 7 \u0434\u043e 12 \u043b\u0435\u0442.<\/li>\n<li>DELF SCOLAIRE: \u0434\u043b\u044f \u0443\u0447\u0435\u043d\u0438\u043a\u043e\u0432 ESO \u0438 Bachillerato \u0432 \u0433\u043e\u0441\u0443\u0434\u0430\u0440\u0441\u0442\u0432\u0435\u043d\u043d\u044b\u0445 \u0448\u043a\u043e\u043b\u0430\u0445 \u0432 \u0441\u043e\u043e\u0442\u0432\u0435\u0442\u0441\u0442\u0432\u0438\u0438 \u0441 \u0441\u043e\u0433\u043b\u0430\u0448\u0435\u043d\u0438\u044f\u043c\u0438, \u043f\u043e\u0434\u043f\u0438\u0441\u0430\u043d\u043d\u044b\u043c\u0438 \u043c\u0435\u0436\u0434\u0443 \u0421\u043e\u0432\u0435\u0442\u043e\u043c \u043f\u043e \u0432\u043e\u043f\u0440\u043e\u0441\u0430\u043c \u043e\u0431\u0440\u0430\u0437\u043e\u0432\u0430\u043d\u0438\u044f \u0425\u0443\u043d\u0442\u044b \u0410\u043d\u0434\u0430\u043b\u0443\u0441\u0438\u0438 \u0438 \u041f\u043e\u0441\u043e\u043b\u044c\u0441\u0442\u0432\u043e\u043c \u0424\u0440\u0430\u043d\u0446\u0438\u0438 \u0432 \u0418\u0441\u043f\u0430\u043d\u0438\u0438.<\/li>\n<\/ul>\n[\/mk_custom_list][\/vc_column][vc_column width=&#187;1\/3&#8243; el_class=&#187;franja-contacto&#187;][vc_column_text el_class=&#187;letras-blancas&#187; css=&#187;.vc_custom_1682354011949{margin-top: 10px !important;margin-bottom: 0px !important;padding-top: 20px !important;padding-right: 20px !important;padding-bottom: 20px !important;padding-left: 20px !important;background-color: #cc1f1f !important;border-radius: 5px !important;}&#187;]\n<h3 style=\"text-align: center;\">\u041d\u0430\u043f\u0438\u0448\u0438\u0442\u0435 \u043d\u0430\u043c \u043d\u0430 \u0430\u0434\u0440\u0435\u0441<\/h3>\n\n<div class=\"wpcf7 no-js\" id=\"wpcf7-f181-o1\" lang=\"es-ES\" dir=\"ltr\" data-wpcf7-id=\"181\">\n<div class=\"screen-reader-response\"><p role=\"status\" aria-live=\"polite\" aria-atomic=\"true\"><\/p> <ul><\/ul><\/div>\n<form action=\"\/ru\/wp-json\/wp\/v2\/pages\/1303#wpcf7-f181-o1\" method=\"post\" class=\"wpcf7-form init\" aria-label=\"Formulario de contacto\" novalidate=\"novalidate\" data-status=\"init\">\n<fieldset class=\"hidden-fields-container\"><input type=\"hidden\" name=\"_wpcf7\" value=\"181\" \/><input type=\"hidden\" name=\"_wpcf7_version\" value=\"6.1.5\" \/><input type=\"hidden\" name=\"_wpcf7_locale\" value=\"es_ES\" \/><input type=\"hidden\" name=\"_wpcf7_unit_tag\" value=\"wpcf7-f181-o1\" \/><input type=\"hidden\" name=\"_wpcf7_container_post\" value=\"0\" \/><input type=\"hidden\" name=\"_wpcf7_posted_data_hash\" value=\"\" \/><input type=\"hidden\" name=\"_wpcf7cf_hidden_group_fields\" value=\"[]\" \/><input type=\"hidden\" name=\"_wpcf7cf_hidden_groups\" value=\"[]\" \/><input type=\"hidden\" name=\"_wpcf7cf_visible_groups\" value=\"[]\" \/><input type=\"hidden\" name=\"_wpcf7cf_repeaters\" value=\"[]\" \/><input type=\"hidden\" name=\"_wpcf7cf_steps\" value=\"{}\" \/><input type=\"hidden\" name=\"_wpcf7cf_options\" value=\"{&quot;form_id&quot;:181,&quot;conditions&quot;:[],&quot;settings&quot;:{&quot;animation&quot;:&quot;yes&quot;,&quot;animation_intime&quot;:200,&quot;animation_outtime&quot;:200,&quot;conditions_ui&quot;:&quot;normal&quot;,&quot;notice_dismissed&quot;:false,&quot;notice_dismissed_update-cf7-5.7.1&quot;:true,&quot;notice_dismissed_rollback-cf7-5.9.5&quot;:true,&quot;notice_dismissed_rollback-cf7-6.1.2&quot;:true}}\" \/>\n<\/fieldset>\n<p><span class=\"wpcf7-form-control-wrap\" data-name=\"your-name\"><input size=\"40\" maxlength=\"400\" class=\"wpcf7-form-control wpcf7-text wpcf7-validates-as-required\" aria-required=\"true\" aria-invalid=\"false\" placeholder=\"Nombre\" value=\"\" type=\"text\" name=\"your-name\" \/><\/span>\n<\/p>\n<p><span class=\"wpcf7-form-control-wrap\" data-name=\"your-email\"><input size=\"40\" maxlength=\"400\" class=\"wpcf7-form-control wpcf7-email wpcf7-validates-as-required wpcf7-text wpcf7-validates-as-email\" aria-required=\"true\" aria-invalid=\"false\" placeholder=\"E-mail\" value=\"\" type=\"email\" name=\"your-email\" \/><\/span>\n<\/p>\n<p><span class=\"wpcf7-form-control-wrap\" data-name=\"telefono\"><input size=\"40\" maxlength=\"400\" class=\"wpcf7-form-control wpcf7-tel wpcf7-validates-as-required wpcf7-text wpcf7-validates-as-tel\" aria-required=\"true\" aria-invalid=\"false\" placeholder=\"Tel\u00e9fono\" value=\"\" type=\"tel\" name=\"telefono\" \/><\/span>\n<\/p>\n<p><span class=\"wpcf7-form-control-wrap\" data-name=\"your-message\"><textarea cols=\"40\" rows=\"10\" maxlength=\"2000\" class=\"wpcf7-form-control wpcf7-textarea\" aria-invalid=\"false\" placeholder=\"Mensaje\" name=\"your-message\"><\/textarea><\/span>\n<\/p>\n<div style=\"float:left;width:10%;\">\n\t<p><span class=\"wpcf7-form-control-wrap\" data-name=\"acceptance-631\"><span class=\"wpcf7-form-control wpcf7-acceptance\"><span class=\"wpcf7-list-item\"><input type=\"checkbox\" name=\"acceptance-631\" value=\"1\" aria-invalid=\"false\" \/><\/span><\/span><\/span>\n\t<\/p>\n<\/div>\n<div style=\"float:left;width:90%;\">\n\t<p>Acepto la <a href=\"\/politica-de-privacidad\/\" target=\"_blank\" class=\"hwhite\">pol\u00edtica de privacidad y datos<\/a>\n\t<\/p>\n<\/div>\n<p><input class=\"wpcf7-form-control wpcf7-submit has-spinner\" type=\"submit\" value=\"Enviar\" \/>\n<\/p><input type='hidden' class='wpcf7-pum' value='{\"closepopup\":false,\"closedelay\":0,\"openpopup\":false,\"openpopup_id\":0}' \/><div class=\"wpcf7-response-output\" aria-hidden=\"true\"><\/div>\n<\/form>\n<\/div>\n[\/vc_column_text][\/vc_column][\/vc_row]\n<\/div>","protected":false},"excerpt":{"rendered":"<p>[vc_row css=&#187;.vc_custom_1673427235973{margin-bottom: 35px !important;}&#187;][vc_column width=&#187;1\/3&#8243; el_class=&#187;franja-contacto&#187;][vc_single_image image=&#187;76&#8243; img_size=&#187;full&#187; alignment=&#187;center&#187;][\/vc_column][vc_column width=&#187;2\/3&#8243;][vc_column_text css=&#187;.vc_custom_1682353967031{margin-bottom: 0px !important;}&#187;]\u041f\u0440\u0438\u0437\u0432\u0430\u043d\u0438\u0435\u043c \u0410\u043b\u044c\u044f\u043d\u0441 \u0424\u0440\u0430\u043d\u0441\u0435\u0437 \u044f\u0432\u043b\u044f\u0435\u0442\u0441\u044f \u0438\u0437\u0443\u0447\u0435\u043d\u0438\u0435 \u0438 \u0440\u0430\u0441\u043f\u0440\u043e\u0441\u0442\u0440\u0430\u043d\u0435\u043d\u0438\u0435 \u0444\u0440\u0430\u043d\u0446\u0443\u0437\u0441\u043a\u043e\u0433\u043e \u044f\u0437\u044b\u043a\u0430, \u0430 \u0442\u0430\u043a\u0436\u0435, \u0447\u0442\u043e \u043e\u0442\u043b\u0438\u0447\u0430\u0435\u0442 \u0435\u0433\u043e \u043e\u0442 \u044f\u0437\u044b\u043a\u043e\u0432\u043e\u0439 \u0430\u043a\u0430\u0434\u0435\u043c\u0438\u0438, \u043f\u043e\u043f\u0443\u043b\u044f\u0440\u0438\u0437\u0430\u0446\u0438\u044f \u0438 \u0440\u0430\u0441\u043f\u0440\u043e\u0441\u0442\u0440\u0430\u043d\u0435\u043d\u0438\u0435 \u0444\u0440\u0430\u043d\u0446\u0443\u0437\u0441\u043a\u043e\u0439 \u0438 \u0444\u0440\u0430\u043d\u043a\u043e\u044f\u0437\u044b\u0447\u043d\u043e\u0439 \u043a\u0443\u043b\u044c\u0442\u0443\u0440\u044b. \u041c\u044b \u0442\u0430\u043a\u0436\u0435 \u043f\u0440\u0435\u0434\u043b\u0430\u0433\u0430\u0435\u043c \u043a\u0443\u0440\u0441\u044b \u0444\u0440\u0430\u043d\u0446\u0443\u0437\u0441\u043a\u043e\u0433\u043e \u044f\u0437\u044b\u043a\u0430 \u0434\u043b\u044f \u0443\u0447\u0430\u0449\u0438\u0445\u0441\u044f \u043d\u0430\u0447\u0430\u043b\u044c\u043d\u043e\u0439, \u0441\u0440\u0435\u0434\u043d\u0435\u0439 \u0448\u043a\u043e\u043b\u044b \u0438 \u0432\u0437\u0440\u043e\u0441\u043b\u044b\u0445 \u043d\u0430 \u0432\u0441\u0435\u0445 \u0443\u0440\u043e\u0432\u043d\u044f\u0445 (A1, A2, B1, [&hellip;]<\/p>\n","protected":false},"author":3,"featured_media":0,"parent":0,"menu_order":0,"comment_status":"closed","ping_status":"closed","template":"","meta":{"rs_blank_template":"","rs_page_bg_color":"","slide_template_v7":"","_joinchat":[],"footnotes":""},"class_list":["post-1303","page","type-page","status-publish","hentry"],"jetpack_sharing_enabled":true,"_links":{"self":[{"href":"https:\/\/klkeeplearning.com\/ru\/wp-json\/wp\/v2\/pages\/1303","targetHints":{"allow":["GET"]}}],"collection":[{"href":"https:\/\/klkeeplearning.com\/ru\/wp-json\/wp\/v2\/pages"}],"about":[{"href":"https:\/\/klkeeplearning.com\/ru\/wp-json\/wp\/v2\/types\/page"}],"author":[{"embeddable":true,"href":"https:\/\/klkeeplearning.com\/ru\/wp-json\/wp\/v2\/users\/3"}],"replies":[{"embeddable":true,"href":"https:\/\/klkeeplearning.com\/ru\/wp-json\/wp\/v2\/comments?post=1303"}],"version-history":[{"count":0,"href":"https:\/\/klkeeplearning.com\/ru\/wp-json\/wp\/v2\/pages\/1303\/revisions"}],"wp:attachment":[{"href":"https:\/\/klkeeplearning.com\/ru\/wp-json\/wp\/v2\/media?parent=1303"}],"curies":[{"name":"wp","href":"https:\/\/api.w.org\/{rel}","templated":true}]}}