{"id":1191,"date":"2022-05-19T17:00:09","date_gmt":"2022-05-19T17:00:09","guid":{"rendered":"https:\/\/klkeeplearning.com\/index.php\/frances\/"},"modified":"2023-04-24T10:34:44","modified_gmt":"2023-04-24T10:34:44","slug":"french","status":"publish","type":"page","link":"https:\/\/klkeeplearning.com\/en\/french\/","title":{"rendered":"FRENCH"},"content":{"rendered":"<div class=\"wpb-content-wrapper\">[vc_row css=&#8221;.vc_custom_1673427235973{margin-bottom: 35px !important;}&#8221;][vc_column width=&#8221;1\/3&#8243; el_class=&#8221;franja-contacto&#8221;][vc_single_image image=&#8221;76&#8243; img_size=&#8221;full&#8221; alignment=&#8221;center&#8221;][\/vc_column][vc_column width=&#8221;2\/3&#8243;][vc_column_text css=&#8221;.vc_custom_1682330293755{margin-bottom: 0px !important;}&#8221;]The Alliance Fran\u00e7aise has as its vocation the learning and spreading of the French language and, the aspect that differentiates it from a language academy, the promotion and dissemination of French and French-speaking culture.<\/p>\n<p>We also offer French courses for primary, secondary and adult students at all levels (A1, A2, B1, B2, C1, C2 according to CEFR &#8211; Common European Framework of Reference for Languages) depending on the needs and demands of each student.<\/p>\n<p>French is one of the most widely spoken languages: 200 million people speak it on all five continents and it is the second most widely learned language.<br \/>\nObtaining official diplomas will improve your job opportunities and boost your career.<\/p>\n<p>We prepare you for the next DELF or DALF exam if you want to certify your language skills, the DAEFLE exam if you want to become a teacher, and the\u00a0 TCF if you are thinking of moving to another country or to secure that job you are so interested in.[\/vc_column_text][\/vc_column][\/vc_row][vc_row][vc_column width=&#8221;2\/3&#8243;][vc_custom_heading text=&#8221;The DELF (Dipl\u00f4me d\u00c9tudes en Langue Fran\u00e7aise) and the DALF (Dipl\u00f4me Approfondi de Langue Fran\u00e7aise) are the official certifications, issued by the French Ministry of Education, to certify the French language skills of foreign candidates.&#8221; font_container=&#8221;tag:h2|font_size:1.4em|text_align:left|line_height:1.3em&#8221; use_theme_fonts=&#8221;yes&#8221;][mk_custom_list]Depending on the audience, the subjects will be adapted. The total score for the exam is 100 points and each skill is assessed out of 25 points. There are\u00a0 four versions of DELF\/DALF depending on the target audience:<\/p>\n<ul>\n<li><strong>DELF TP<\/strong>: assigned for adults and teenagers who have completed their secondary school or secondary studies.<\/li>\n<li><strong>DELF JUNIOR:<\/strong> assigned for adolescents in secondary education.<\/li>\n<li><strong>DELF PRIM:<\/strong> assigned for pupils between 7 and 12 years old in primary school.<\/li>\n<li><strong>DELF SCOLAIRE:<\/strong> for pupils in compulsory secondary education and secondary education at public schools in accordance with the agreements signed between the Department of Education of the Andalusian Regional Government and the French Embassy in Spain.<\/li>\n<\/ul>\n[\/mk_custom_list][\/vc_column][vc_column width=&#8221;1\/3&#8243; el_class=&#8221;franja-contacto&#8221;][vc_column_text el_class=&#8221;letras-blancas&#8221; css=&#8221;.vc_custom_1682332446922{margin-top: 10px !important;margin-bottom: 0px !important;padding-top: 20px !important;padding-right: 20px !important;padding-bottom: 20px !important;padding-left: 20px !important;background-color: #cc1f1f !important;border-radius: 5px !important;}&#8221;]\n<h3 style=\"text-align: center;\">Ask for more information<\/h3>\n\n<div class=\"wpcf7 no-js\" id=\"wpcf7-f1245-o1\" lang=\"es-ES\" dir=\"ltr\" data-wpcf7-id=\"1245\">\n<div class=\"screen-reader-response\"><p role=\"status\" aria-live=\"polite\" aria-atomic=\"true\"><\/p> <ul><\/ul><\/div>\n<form action=\"\/en\/wp-json\/wp\/v2\/pages\/1191#wpcf7-f1245-o1\" method=\"post\" class=\"wpcf7-form init\" aria-label=\"Formulario de contacto\" novalidate=\"novalidate\" data-status=\"init\">\n<fieldset class=\"hidden-fields-container\"><input type=\"hidden\" name=\"_wpcf7\" value=\"1245\" \/><input type=\"hidden\" name=\"_wpcf7_version\" value=\"6.1.5\" \/><input type=\"hidden\" name=\"_wpcf7_locale\" value=\"es_ES\" \/><input type=\"hidden\" name=\"_wpcf7_unit_tag\" value=\"wpcf7-f1245-o1\" \/><input type=\"hidden\" name=\"_wpcf7_container_post\" value=\"0\" \/><input type=\"hidden\" name=\"_wpcf7_posted_data_hash\" value=\"\" \/><input type=\"hidden\" name=\"_wpcf7cf_hidden_group_fields\" value=\"[]\" \/><input type=\"hidden\" name=\"_wpcf7cf_hidden_groups\" value=\"[]\" \/><input type=\"hidden\" name=\"_wpcf7cf_visible_groups\" value=\"[]\" \/><input type=\"hidden\" name=\"_wpcf7cf_repeaters\" value=\"[]\" \/><input type=\"hidden\" name=\"_wpcf7cf_steps\" value=\"{}\" \/><input type=\"hidden\" name=\"_wpcf7cf_options\" value=\"{&quot;form_id&quot;:1245,&quot;conditions&quot;:[],&quot;settings&quot;:{&quot;animation&quot;:&quot;yes&quot;,&quot;animation_intime&quot;:200,&quot;animation_outtime&quot;:200,&quot;conditions_ui&quot;:&quot;normal&quot;,&quot;notice_dismissed&quot;:false,&quot;notice_dismissed_update-cf7-5.7.1&quot;:true,&quot;notice_dismissed_rollback-cf7-5.9.5&quot;:true,&quot;notice_dismissed_rollback-cf7-6.1.2&quot;:true}}\" \/>\n<\/fieldset>\n<p><span class=\"wpcf7-form-control-wrap\" data-name=\"your-name\"><input size=\"40\" maxlength=\"400\" class=\"wpcf7-form-control wpcf7-text wpcf7-validates-as-required\" aria-required=\"true\" aria-invalid=\"false\" placeholder=\"Name\" value=\"\" type=\"text\" name=\"your-name\" \/><\/span>\n<\/p>\n<p><span class=\"wpcf7-form-control-wrap\" data-name=\"your-email\"><input size=\"40\" maxlength=\"400\" class=\"wpcf7-form-control wpcf7-email wpcf7-validates-as-required wpcf7-text wpcf7-validates-as-email\" aria-required=\"true\" aria-invalid=\"false\" placeholder=\"E-mail\" value=\"\" type=\"email\" name=\"your-email\" \/><\/span>\n<\/p>\n<p><span class=\"wpcf7-form-control-wrap\" data-name=\"telefono\"><input size=\"40\" maxlength=\"400\" class=\"wpcf7-form-control wpcf7-tel wpcf7-validates-as-required wpcf7-text wpcf7-validates-as-tel\" aria-required=\"true\" aria-invalid=\"false\" placeholder=\"Phone number\" value=\"\" type=\"tel\" name=\"telefono\" \/><\/span>\n<\/p>\n<p><span class=\"wpcf7-form-control-wrap\" data-name=\"your-message\"><textarea cols=\"40\" rows=\"10\" maxlength=\"2000\" class=\"wpcf7-form-control wpcf7-textarea\" aria-invalid=\"false\" placeholder=\"Message\" name=\"your-message\"><\/textarea><\/span>\n<\/p>\n<div style=\"float:left;width:10%;\">\n\t<p><span class=\"wpcf7-form-control-wrap\" data-name=\"acceptance-631\"><span class=\"wpcf7-form-control wpcf7-acceptance\"><span class=\"wpcf7-list-item\"><input type=\"checkbox\" name=\"acceptance-631\" value=\"1\" aria-invalid=\"false\" \/><\/span><\/span><\/span>\n\t<\/p>\n<\/div>\n<div style=\"float:left;width:90%;\">\n\t<p>I Accept the <a href=\"\/politica-de-privacidad\/\" target=\"_blank\" class=\"hwhite\">privacy policy<\/a>\n\t<\/p>\n<\/div>\n<p><input class=\"wpcf7-form-control wpcf7-submit has-spinner\" type=\"submit\" value=\"Send\" \/>\n<\/p><input type='hidden' class='wpcf7-pum' value='{\"closepopup\":false,\"closedelay\":0,\"openpopup\":false,\"openpopup_id\":0}' \/><div class=\"wpcf7-response-output\" aria-hidden=\"true\"><\/div>\n<\/form>\n<\/div>\n[\/vc_column_text][\/vc_column][\/vc_row]\n<\/div>","protected":false},"excerpt":{"rendered":"<p>[vc_row css=&#8221;.vc_custom_1673427235973{margin-bottom: 35px !important;}&#8221;][vc_column width=&#8221;1\/3&#8243; el_class=&#8221;franja-contacto&#8221;][vc_single_image image=&#8221;76&#8243; img_size=&#8221;full&#8221; alignment=&#8221;center&#8221;][\/vc_column][vc_column width=&#8221;2\/3&#8243;][vc_column_text css=&#8221;.vc_custom_1682330293755{margin-bottom: 0px !important;}&#8221;]The Alliance Fran\u00e7aise has as its vocation the learning and spreading of the French language and, the aspect that differentiates it from a language academy, the promotion and dissemination of French and French-speaking culture. We also offer French courses for primary, secondary and [&hellip;]<\/p>\n","protected":false},"author":3,"featured_media":0,"parent":0,"menu_order":0,"comment_status":"closed","ping_status":"closed","template":"","meta":{"rs_blank_template":"","rs_page_bg_color":"","slide_template_v7":"","_joinchat":[],"footnotes":""},"class_list":["post-1191","page","type-page","status-publish","hentry"],"jetpack_sharing_enabled":true,"_links":{"self":[{"href":"https:\/\/klkeeplearning.com\/en\/wp-json\/wp\/v2\/pages\/1191","targetHints":{"allow":["GET"]}}],"collection":[{"href":"https:\/\/klkeeplearning.com\/en\/wp-json\/wp\/v2\/pages"}],"about":[{"href":"https:\/\/klkeeplearning.com\/en\/wp-json\/wp\/v2\/types\/page"}],"author":[{"embeddable":true,"href":"https:\/\/klkeeplearning.com\/en\/wp-json\/wp\/v2\/users\/3"}],"replies":[{"embeddable":true,"href":"https:\/\/klkeeplearning.com\/en\/wp-json\/wp\/v2\/comments?post=1191"}],"version-history":[{"count":0,"href":"https:\/\/klkeeplearning.com\/en\/wp-json\/wp\/v2\/pages\/1191\/revisions"}],"wp:attachment":[{"href":"https:\/\/klkeeplearning.com\/en\/wp-json\/wp\/v2\/media?parent=1191"}],"curies":[{"name":"wp","href":"https:\/\/api.w.org\/{rel}","templated":true}]}}